{"id":1387,"date":"2018-11-06T10:34:45","date_gmt":"2018-11-06T10:34:45","guid":{"rendered":"http:\/\/construct-ambientexpo.ro\/about\/"},"modified":"2026-02-17T17:02:44","modified_gmt":"2026-02-17T15:02:44","slug":"info-expozanti","status":"publish","type":"page","link":"https:\/\/construct-ambientexpo.ro\/en\/info-expozanti\/","title":{"rendered":"Exhibitors info"},"content":{"rendered":"<div class=\"wpb-content-wrapper\"><div class=\"vc_row wpb_row vc_row-fluid vc_custom_1561964015799 vc_row-o-equal-height vc_row-o-content-middle vc_row-flex\"><div class=\"wpb_column vc_column_container vc_col-sm-6\"><div class=\"vc_column-inner vc_custom_1561963982378\"><div class=\"wpb_wrapper\"><div id=\"ultimate-heading-917269f285cbcd373\" class=\"uvc-heading ult-adjust-bottom-margin ultimate-heading-917269f285cbcd373 uvc-8961  uvc-heading-default-font-sizes\" data-hspacer=\"no_spacer\"  data-halign=\"left\" style=\"text-align:left\"><div class=\"uvc-heading-spacer no_spacer\" style=\"top\"><\/div><div class=\"uvc-sub-heading ult-responsive\"  data-ultimate-target='.uvc-heading.ultimate-heading-917269f285cbcd373 .uvc-sub-heading '  data-responsive-json-new='{\"font-size\":\"\",\"line-height\":\"\"}'  style=\"font-weight:normal;\"><\/p>\n<p style=\"text-align: justify;\" class=\"translation-block\">Construct Ambient Expo is the ideal event for construction companies looking to increase brand visibility, generate qualified leads and develop strong business partnerships. As part of the #TotulPentruCasaTa2026 concept, the exhibition attracts a diverse and high-quality audience of professionals and end users involved in construction and renovation projects.<\/p>\n<p style=\"text-align: justify;\" class=\"translation-block\">Exhibitors can promote a wide range of products and services, including:<\/p>\n<ul>\n<li>construction materials for structure and building envelope<\/li>\n<li>masonry systems, concrete solutions, prefabricated elements and infrastructure systems<\/li>\n<li>thermal and waterproofing solutions for energy-efficient buildings<\/li>\n<li>fa\u00e7ades, roofing systems, closures and joinery<\/li>\n<li>interior and exterior finishing solutions (flooring, coatings, paints, plasters)<\/li>\n<li>equipment, machinery and technologies for modern construction sites<\/li>\n<li>digital solutions, BIM, software and design services<\/li>\n<li>construction services, general contracting, consultancy and project management<\/li>\n<\/ul>\n<p><\/div><\/div><div class=\"vc_empty_space\"   style=\"height: 32px\"><span class=\"vc_empty_space_inner\"><\/span><\/div>\n\t<div  class=\"wpb_single_image wpb_content_element vc_align_left  vc_custom_1755508125915\">\n\t\t\n\t\t<figure class=\"wpb_wrapper vc_figure\">\n\t\t\t<div class=\"vc_single_image-wrapper   vc_box_border_grey\"><img loading=\"lazy\" decoding=\"async\" width=\"1504\" height=\"1000\" src=\"https:\/\/construct-ambientexpo.ro\/wp-content\/uploads\/2025\/08\/HOME-PAGE-4.jpg\" class=\"vc_single_image-img attachment-full\" alt=\"\" title=\"HOME PAGE 4\" srcset=\"https:\/\/construct-ambientexpo.ro\/wp-content\/uploads\/2025\/08\/HOME-PAGE-4.jpg 1504w, https:\/\/construct-ambientexpo.ro\/wp-content\/uploads\/2025\/08\/HOME-PAGE-4-300x199.jpg 300w, https:\/\/construct-ambientexpo.ro\/wp-content\/uploads\/2025\/08\/HOME-PAGE-4-1024x681.jpg 1024w, https:\/\/construct-ambientexpo.ro\/wp-content\/uploads\/2025\/08\/HOME-PAGE-4-768x511.jpg 768w\" sizes=\"auto, (max-width: 1504px) 100vw, 1504px\"  data-dt-location=\"https:\/\/construct-ambientexpo.ro\/en\/info-expozanti\/home-page-4\/\" \/><\/div>\n\t\t<\/figure>\n\t<\/div>\n<\/div><\/div><\/div><div class=\"wpb_column vc_column_container vc_col-sm-6\"><div class=\"vc_column-inner\"><div class=\"wpb_wrapper\">\n\t<div  class=\"wpb_single_image wpb_content_element vc_align_left  vc_custom_1755508203043\">\n\t\t\n\t\t<figure class=\"wpb_wrapper vc_figure\">\n\t\t\t<div class=\"vc_single_image-wrapper   vc_box_border_grey\"><img loading=\"lazy\" decoding=\"async\" width=\"1203\" height=\"800\" src=\"https:\/\/construct-ambientexpo.ro\/wp-content\/uploads\/2025\/08\/HOME-PAGE-2.jpg\" class=\"vc_single_image-img attachment-full\" alt=\"\" title=\"HOME PAGE 2\" srcset=\"https:\/\/construct-ambientexpo.ro\/wp-content\/uploads\/2025\/08\/HOME-PAGE-2.jpg 1203w, https:\/\/construct-ambientexpo.ro\/wp-content\/uploads\/2025\/08\/HOME-PAGE-2-300x200.jpg 300w, https:\/\/construct-ambientexpo.ro\/wp-content\/uploads\/2025\/08\/HOME-PAGE-2-1024x681.jpg 1024w, https:\/\/construct-ambientexpo.ro\/wp-content\/uploads\/2025\/08\/HOME-PAGE-2-768x511.jpg 768w\" sizes=\"auto, (max-width: 1203px) 100vw, 1203px\"  data-dt-location=\"https:\/\/construct-ambientexpo.ro\/en\/info-expozanti\/home-page-2\/\" \/><\/div>\n\t\t<\/figure>\n\t<\/div>\n<div class=\"vc_empty_space\"   style=\"height: 32px\"><span class=\"vc_empty_space_inner\"><\/span><\/div><div id=\"ultimate-heading-619669f285cbce1ce\" class=\"uvc-heading ult-adjust-bottom-margin ultimate-heading-619669f285cbce1ce uvc-6802  uvc-heading-default-font-sizes\" data-hspacer=\"no_spacer\"  data-halign=\"left\" style=\"text-align:left\"><div class=\"uvc-heading-spacer no_spacer\" style=\"top\"><\/div><div class=\"uvc-sub-heading ult-responsive\"  data-ultimate-target='.uvc-heading.ultimate-heading-619669f285cbce1ce .uvc-sub-heading '  data-responsive-json-new='{\"font-size\":\"\",\"line-height\":\"\"}'  style=\"font-weight:normal;\"><\/p>\n<p style=\"text-align: justify;\" class=\"translation-block\">The strong B2B component supports professional networking, business meetings, product launches and portfolio presentations, enabling direct interaction with real estate developers, contractors, architects, engineers and distributors. At the same time, the B2C dimension offers direct access to end users planning construction or renovation projects, increasing brand awareness and sales potential.<\/p>\n<p style=\"text-align: justify;\" class=\"translation-block\">Participating in Construct Ambient Expo positions your company in a professional, innovation-driven and sustainability-oriented environment, alongside complementary events within the #TotulPentruCasaTa2026 concept.<\/p>\n<p style=\"text-align: justify;\">\ud83d\udc49 <strong>Expune la Construct Ambient Expo \u0219i adu produsele \u0219i serviciile tale \u00een fa\u021ba pie\u021bei reale a construc\u021biilor din Rom\u00e2nia.<\/strong><\/p>\n<p><\/div><\/div><\/div><\/div><\/div><\/div><div class=\"vc_row wpb_row vc_row-fluid vc_custom_1561964015799 vc_row-o-equal-height vc_row-o-content-middle vc_row-flex\"><div class=\"wpb_column vc_column_container vc_col-sm-6\"><div class=\"vc_column-inner vc_custom_1561963982378\"><div class=\"wpb_wrapper\"><\/div><\/div><\/div><div class=\"wpb_column vc_column_container vc_col-sm-6\"><div class=\"vc_column-inner\"><div class=\"wpb_wrapper\"><div id=\"ultimate-heading-686769f285cbce8e1\" class=\"uvc-heading ult-adjust-bottom-margin ultimate-heading-686769f285cbce8e1 uvc-5018  uvc-heading-default-font-sizes\" data-hspacer=\"no_spacer\"  data-halign=\"left\" style=\"text-align:left\"><div class=\"uvc-heading-spacer no_spacer\" style=\"top\"><\/div><div class=\"uvc-sub-heading ult-responsive\"  data-ultimate-target='.uvc-heading.ultimate-heading-686769f285cbce8e1 .uvc-sub-heading '  data-responsive-json-new='{\"font-size\":\"\",\"line-height\":\"\"}'  style=\"font-weight:normal;\"><\/p>\n<div id=\"ultimate-heading-570568a2eebb43404\" class=\"uvc-heading ult-adjust-bottom-margin ultimate-heading-570568a2eebb43404 uvc-8943 color-title accent-title-color\" data-hspacer=\"no_spacer\" data-halign=\"left\">\n<div class=\"uvc-main-heading ult-responsive\" data-ultimate-target=\".uvc-heading.ultimate-heading-570568a2eebb43404 h2\" data-responsive-json-new=\"{&quot;font-size&quot;:&quot;desktop:15px;&quot;,&quot;line-height&quot;:&quot;desktop:26px;&quot;}\">\n<h2>Installation period:<\/h2>\n<\/div>\n<\/div>\n<div class=\"standard-arrow bullet-top\">\n<ul>\n<li>For companies that build their own stands or with a third party: 14 \u2013 18.03.2026, time interval 08:00 \u2013 20:00<\/li>\n<li>For companies building their stands with Romexpo: March 17\u201318, 2026, from 8:00 AM to 8:00 PM.<\/li>\n<\/ul>\n<\/div>\n<div id=\"ultimate-heading-903968a2eebb4349f\" class=\"uvc-heading ult-adjust-bottom-margin ultimate-heading-903968a2eebb4349f uvc-1236 color-title accent-title-color\" data-hspacer=\"no_spacer\" data-halign=\"left\">\n<div class=\"uvc-heading-spacer no_spacer\"><\/div>\n<div class=\"uvc-main-heading ult-responsive\" data-ultimate-target=\".uvc-heading.ultimate-heading-903968a2eebb4349f h2\" data-responsive-json-new=\"{&quot;font-size&quot;:&quot;desktop:15px;&quot;,&quot;line-height&quot;:&quot;desktop:26px;&quot;}\">\n<h2>Dismantling period:<\/h2>\n<\/div>\n<\/div>\n<div class=\"standard-arrow bullet-top\">\n<ul>\n<li>Dismantling period: March 22, 2026, from 4:00 PM to 8:00 PM (access via Bulevardul Poligrafiei 2, Gate E \u2013 Romexpo, Pavilion B2).<\/li>\n<li>23 \u2013 25.03.2026, time interval 08:00 \u2013 20:00 (access Bulevardul Poligrafiei, 2, E-Romexpo Gate, Pavilion B2)<\/li>\n<\/ul>\n<\/div>\n<p><\/div><\/div><\/div><\/div><\/div><\/div>\n<\/div>","protected":false},"excerpt":{"rendered":"<p>Construct Ambient Expo este evenimentul ideal pentru companiile din domeniul construc\u021biilor care doresc s\u0103 \u00ee\u0219i creasc\u0103 vizibilitatea, s\u0103 genereze lead-uri relevante \u0219i s\u0103 dezvolte parteneriate comerciale solide. Ca parte a conceptului #TotulPentruCasaTa2026, t\u00e2rgul ofer\u0103 acces la un public divers \u0219i calificat, format din profesioni\u0219ti \u0219i utilizatori finali cu interes real pentru proiecte de construc\u021bie \u0219i&hellip;<\/p>","protected":false},"author":1,"featured_media":0,"parent":0,"menu_order":0,"comment_status":"closed","ping_status":"closed","template":"","meta":{"om_disable_all_campaigns":false,"_monsterinsights_skip_tracking":false,"_monsterinsights_sitenote_active":false,"_monsterinsights_sitenote_note":"","_monsterinsights_sitenote_category":0,"footnotes":""},"class_list":["post-1387","page","type-page","status-publish","hentry","description-off"],"aioseo_notices":[],"jetpack_sharing_enabled":true,"_links":{"self":[{"href":"https:\/\/construct-ambientexpo.ro\/en\/wp-json\/wp\/v2\/pages\/1387","targetHints":{"allow":["GET"]}}],"collection":[{"href":"https:\/\/construct-ambientexpo.ro\/en\/wp-json\/wp\/v2\/pages"}],"about":[{"href":"https:\/\/construct-ambientexpo.ro\/en\/wp-json\/wp\/v2\/types\/page"}],"author":[{"embeddable":true,"href":"https:\/\/construct-ambientexpo.ro\/en\/wp-json\/wp\/v2\/users\/1"}],"replies":[{"embeddable":true,"href":"https:\/\/construct-ambientexpo.ro\/en\/wp-json\/wp\/v2\/comments?post=1387"}],"version-history":[{"count":11,"href":"https:\/\/construct-ambientexpo.ro\/en\/wp-json\/wp\/v2\/pages\/1387\/revisions"}],"predecessor-version":[{"id":1574,"href":"https:\/\/construct-ambientexpo.ro\/en\/wp-json\/wp\/v2\/pages\/1387\/revisions\/1574"}],"wp:attachment":[{"href":"https:\/\/construct-ambientexpo.ro\/en\/wp-json\/wp\/v2\/media?parent=1387"}],"curies":[{"name":"wp","href":"https:\/\/api.w.org\/{rel}","templated":true}]}}