{"id":1443,"date":"2025-08-18T10:36:27","date_gmt":"2025-08-18T10:36:27","guid":{"rendered":"http:\/\/construct-ambientexpo.ro\/?page_id=1443"},"modified":"2025-08-20T10:41:11","modified_gmt":"2025-08-20T07:41:11","slug":"formulare-si-conditii-de-inscriere-2026","status":"publish","type":"page","link":"https:\/\/construct-ambientexpo.ro\/en\/formulare-si-conditii-de-inscriere-2026\/","title":{"rendered":"Registration forms and conditions 2026"},"content":{"rendered":"<div class=\"wpb-content-wrapper\"><div class=\"vc_row wpb_row vc_row-fluid vc_custom_1561964015799 vc_row-o-equal-height vc_row-o-content-middle vc_row-flex\"><div class=\"wpb_column vc_column_container vc_col-sm-12\"><div class=\"vc_column-inner vc_custom_1561963982378\"><div class=\"wpb_wrapper\"><div class=\"dt-fancy-separator title-left h3-size style-disabled\" style=\"width: 100%;\"><div class=\"dt-fancy-title\" style=\"color: #000000;\"><span class=\"separator-holder separator-left\"><\/span>1. Complete the registration forms<span class=\"separator-holder separator-right\"><\/span><\/div><\/div><\/div><\/div><\/div><\/div><div class=\"vc_row wpb_row vc_row-fluid vc_custom_1755675666715\"><div class=\"wpb_column vc_column_container vc_col-sm-4\"><div class=\"vc_column-inner vc_custom_1561963982378\"><div class=\"wpb_wrapper\"><div class=\"aio-icon-component   accent-icon-bg style_2\"><a class=\"aio-icon-box-link\" href=\"http:\/\/construct-ambientexpo.ro\/wp-content\/uploads\/2025\/01\/form\/en\/Application-contract-2026-CONSTR-AMBIENT_DIGITAL.pdf\" target=\"_blank\" rel=\"noopener\" ><div id=\"Info-box-wrap-5437\" class=\"aio-icon-box top-icon\" style=\"\"  ><div class=\"aio-icon-top\"><div class=\"ult-just-icon-wrapper\"><div class=\"align-icon\" style=\"text-align:center;\">\n<div class=\"aio-icon circle\"  style=\"color:#FFFFFF;background:#00000000;font-size:20px;display:inline-block;\">\n\t<i class=\"dt-icon-the7-misc-006-2\"><\/i>\n<\/div><\/div><\/div><\/div><div class=\"aio-icon-header\" ><h3 class=\"aio-icon-title ult-responsive\"  data-ultimate-target='#Info-box-wrap-5437 .aio-icon-title'  data-responsive-json-new='{\"font-size\":\"\",\"line-height\":\"\"}'  style=\"\">Application Form<\/h3><\/div> <!-- header --><\/div> <!-- aio-icon-box --><\/a><\/div> <!-- aio-icon-component --><div class=\"aio-icon-component   accent-icon-bg style_2\"><a class=\"aio-icon-box-link\" href=\"http:\/\/construct-ambientexpo.ro\/wp-content\/uploads\/2025\/01\/form\/en\/F3-CO-EXHIBITORS-2026-CONSTR-AMBIENT_DIGITAL.pdf\" target=\"_blank\" rel=\"noopener\" ><div id=\"Info-box-wrap-6461\" class=\"aio-icon-box top-icon\" style=\"\"  ><div class=\"aio-icon-top\"><div class=\"ult-just-icon-wrapper\"><div class=\"align-icon\" style=\"text-align:center;\">\n<div class=\"aio-icon circle\"  style=\"color:#FFFFFF;background:#00000000;font-size:20px;display:inline-block;\">\n\t<i class=\"dt-icon-the7-misc-006-2\"><\/i>\n<\/div><\/div><\/div><\/div><div class=\"aio-icon-header\" ><h3 class=\"aio-icon-title ult-responsive\"  data-ultimate-target='#Info-box-wrap-6461 .aio-icon-title'  data-responsive-json-new='{\"font-size\":\"\",\"line-height\":\"\"}'  style=\"\">Co-Exhibitors Participation<\/h3><\/div> <!-- header --><\/div> <!-- aio-icon-box --><\/a><\/div> <!-- aio-icon-component --><\/div><\/div><\/div><div class=\"wpb_column vc_column_container vc_col-sm-4\"><div class=\"vc_column-inner\"><div class=\"wpb_wrapper\"><div class=\"aio-icon-component   accent-icon-bg style_2\"><a class=\"aio-icon-box-link\" href=\"http:\/\/construct-ambientexpo.ro\/wp-content\/uploads\/2025\/01\/form\/en\/F1-StandConstruction-2026-CONSTRUCT-AMBIENT_DIGITAL.pdf\" target=\"_blank\" rel=\"noopener\" ><div id=\"Info-box-wrap-6921\" class=\"aio-icon-box top-icon\" style=\"\"  ><div class=\"aio-icon-top\"><div class=\"ult-just-icon-wrapper\"><div class=\"align-icon\" style=\"text-align:center;\">\n<div class=\"aio-icon circle\"  style=\"color:#FFFFFF;background:#00000000;font-size:20px;display:inline-block;\">\n\t<i class=\"dt-icon-the7-misc-006-2\"><\/i>\n<\/div><\/div><\/div><\/div><div class=\"aio-icon-header\" ><h3 class=\"aio-icon-title ult-responsive\"  data-ultimate-target='#Info-box-wrap-6921 .aio-icon-title'  data-responsive-json-new='{\"font-size\":\"\",\"line-height\":\"\"}'  style=\"\">Stand Construction<\/h3><\/div> <!-- header --><\/div> <!-- aio-icon-box --><\/a><\/div> <!-- aio-icon-component --><div class=\"aio-icon-component   accent-icon-bg style_2\"><a class=\"aio-icon-box-link\" href=\"http:\/\/construct-ambientexpo.ro\/wp-content\/uploads\/2025\/01\/form\/en\/F5-Third Party Stand-2026-CONSTRUCT-AMBIENT_DIGITAL.pdf\" target=\"_blank\" rel=\"noopener\" ><div id=\"Info-box-wrap-8698\" class=\"aio-icon-box top-icon\" style=\"\"  ><div class=\"aio-icon-top\"><div class=\"ult-just-icon-wrapper\"><div class=\"align-icon\" style=\"text-align:center;\">\n<div class=\"aio-icon circle\"  style=\"color:#FFFFFF;background:#00000000;font-size:20px;display:inline-block;\">\n\t<i class=\"dt-icon-the7-misc-006-2\"><\/i>\n<\/div><\/div><\/div><\/div><div class=\"aio-icon-header\" ><h3 class=\"aio-icon-title ult-responsive\"  data-ultimate-target='#Info-box-wrap-8698 .aio-icon-title'  data-responsive-json-new='{\"font-size\":\"\",\"line-height\":\"\"}'  style=\"\">Arrangement with Out Facilities \/ Third Parties<\/h3><\/div> <!-- header --><\/div> <!-- aio-icon-box --><\/a><\/div> <!-- aio-icon-component --><\/div><\/div><\/div><div class=\"wpb_column vc_column_container vc_col-sm-4\"><div class=\"vc_column-inner\"><div class=\"wpb_wrapper\"><div class=\"aio-icon-component   accent-icon-bg style_2\"><a class=\"aio-icon-box-link\" href=\"http:\/\/construct-ambientexpo.ro\/wp-content\/uploads\/2025\/01\/form\/en\/F2-Themes-2026-CONSTR-AMBIENT.pdf\" target=\"_blank\" rel=\"noopener\" ><div id=\"Info-box-wrap-3639\" class=\"aio-icon-box top-icon\" style=\"\"  ><div class=\"aio-icon-top\"><div class=\"ult-just-icon-wrapper\"><div class=\"align-icon\" style=\"text-align:center;\">\n<div class=\"aio-icon circle\"  style=\"color:#FFFFFF;background:#00000000;font-size:20px;display:inline-block;\">\n\t<i class=\"dt-icon-the7-misc-006-2\"><\/i>\n<\/div><\/div><\/div><\/div><div class=\"aio-icon-header\" ><h3 class=\"aio-icon-title ult-responsive\"  data-ultimate-target='#Info-box-wrap-3639 .aio-icon-title'  data-responsive-json-new='{\"font-size\":\"\",\"line-height\":\"\"}'  style=\"\">Exhibition Themes<\/h3><\/div> <!-- header --><\/div> <!-- aio-icon-box --><\/a><\/div> <!-- aio-icon-component --><div class=\"aio-icon-component   accent-icon-bg style_2\"><a class=\"aio-icon-box-link\" href=\"http:\/\/construct-ambientexpo.ro\/wp-content\/uploads\/2025\/01\/form\/en\/F6-DataProtection-2026-CONSTRUCT-AMBIENT_DIGITAL.pdf\" target=\"_blank\" rel=\"noopener\" ><div id=\"Info-box-wrap-5209\" class=\"aio-icon-box top-icon\" style=\"\"  ><div class=\"aio-icon-top\"><div class=\"ult-just-icon-wrapper\"><div class=\"align-icon\" style=\"text-align:center;\">\n<div class=\"aio-icon circle\"  style=\"color:#FFFFFF;background:#00000000;font-size:20px;display:inline-block;\">\n\t<i class=\"dt-icon-the7-misc-006-2\"><\/i>\n<\/div><\/div><\/div><\/div><div class=\"aio-icon-header\" ><h3 class=\"aio-icon-title ult-responsive\"  data-ultimate-target='#Info-box-wrap-5209 .aio-icon-title'  data-responsive-json-new='{\"font-size\":\"\",\"line-height\":\"\"}'  style=\"\">Data Protection<\/h3><\/div> <!-- header --><\/div> <!-- aio-icon-box --><\/a><\/div> <!-- aio-icon-component --><\/div><\/div><\/div><\/div><div class=\"vc_row wpb_row vc_row-fluid vc_custom_1561964015799 vc_row-o-equal-height vc_row-o-content-middle vc_row-flex\"><div class=\"wpb_column vc_column_container vc_col-sm-12\"><div class=\"vc_column-inner vc_custom_1561963982378\"><div class=\"wpb_wrapper\"><div class=\"dt-fancy-separator title-left h3-size style-disabled\" style=\"width: 100%;\"><div class=\"dt-fancy-title\" style=\"color: #000000;\"><span class=\"separator-holder separator-left\"><\/span>2. Fill in the form that best suits your needs<span class=\"separator-holder separator-right\"><\/span><\/div><\/div><\/div><\/div><\/div><\/div><div class=\"vc_row wpb_row vc_row-fluid vc_custom_1755514238668\"><div class=\"wpb_column vc_column_container vc_col-sm-3\"><div class=\"vc_column-inner vc_custom_1561963982378\"><div class=\"wpb_wrapper\"><div class=\"aio-icon-component   accent-icon-bg style_2\"><a class=\"aio-icon-box-link\" href=\"http:\/\/construct-ambientexpo.ro\/wp-content\/uploads\/2025\/01\/serv\/en\/S1-Furniture.pdf\" target=\"_blank\" rel=\"noopener\" ><div id=\"Info-box-wrap-9643\" class=\"aio-icon-box top-icon\" style=\"\"  ><div class=\"aio-icon-top\"><div class=\"ult-just-icon-wrapper\"><div class=\"align-icon\" style=\"text-align:center;\">\n<div class=\"aio-icon circle\"  style=\"color:#FFFFFF;background:#00000000;font-size:20px;display:inline-block;\">\n\t<i class=\"dt-icon-the7-misc-006-2\"><\/i>\n<\/div><\/div><\/div><\/div><div class=\"aio-icon-header\" ><h3 class=\"aio-icon-title ult-responsive\"  data-ultimate-target='#Info-box-wrap-9643 .aio-icon-title'  data-responsive-json-new='{\"font-size\":\"\",\"line-height\":\"\"}'  style=\"\">Furniture rental<\/h3><\/div> <!-- header --><\/div> <!-- aio-icon-box --><\/a><\/div> <!-- aio-icon-component --><div class=\"aio-icon-component   accent-icon-bg style_2\"><a class=\"aio-icon-box-link\" href=\"http:\/\/construct-ambientexpo.ro\/wp-content\/uploads\/2025\/01\/serv\/en\/S2-Advertising.pdf\" target=\"_blank\" rel=\"noopener\" ><div id=\"Info-box-wrap-6574\" class=\"aio-icon-box top-icon\" style=\"\"  ><div class=\"aio-icon-top\"><div class=\"ult-just-icon-wrapper\"><div class=\"align-icon\" style=\"text-align:center;\">\n<div class=\"aio-icon circle\"  style=\"color:#FFFFFF;background:#00000000;font-size:20px;display:inline-block;\">\n\t<i class=\"dt-icon-the7-misc-006-2\"><\/i>\n<\/div><\/div><\/div><\/div><div class=\"aio-icon-header\" ><h3 class=\"aio-icon-title ult-responsive\"  data-ultimate-target='#Info-box-wrap-6574 .aio-icon-title'  data-responsive-json-new='{\"font-size\":\"\",\"line-height\":\"\"}'  style=\"\">Indoor \/ Outdoor Advertising<\/h3><\/div> <!-- header --><\/div> <!-- aio-icon-box --><\/a><\/div> <!-- aio-icon-component --><div class=\"aio-icon-component   accent-icon-bg style_2\"><a class=\"aio-icon-box-link\" href=\"http:\/\/construct-ambientexpo.ro\/wp-content\/uploads\/2025\/01\/serv\/en\/S3-Parking.pdf\" target=\"_blank\" rel=\"noopener\" ><div id=\"Info-box-wrap-7904\" class=\"aio-icon-box top-icon\" style=\"\"  ><div class=\"aio-icon-top\"><div class=\"ult-just-icon-wrapper\"><div class=\"align-icon\" style=\"text-align:center;\">\n<div class=\"aio-icon circle\"  style=\"color:#FFFFFF;background:#00000000;font-size:20px;display:inline-block;\">\n\t<i class=\"dt-icon-the7-misc-006-2\"><\/i>\n<\/div><\/div><\/div><\/div><div class=\"aio-icon-header\" ><h3 class=\"aio-icon-title ult-responsive\"  data-ultimate-target='#Info-box-wrap-7904 .aio-icon-title'  data-responsive-json-new='{\"font-size\":\"\",\"line-height\":\"\"}'  style=\"\">Parking<\/h3><\/div> <!-- header --><\/div> <!-- aio-icon-box --><\/a><\/div> <!-- aio-icon-component --><div class=\"aio-icon-component   accent-icon-bg style_2\"><a class=\"aio-icon-box-link\" href=\"http:\/\/construct-ambientexpo.ro\/wp-content\/uploads\/2025\/01\/serv\/en\/S13-ConferenceHalls.pdf\" target=\"_blank\" rel=\"noopener\" ><div id=\"Info-box-wrap-9881\" class=\"aio-icon-box top-icon\" style=\"\"  ><div class=\"aio-icon-top\"><div class=\"ult-just-icon-wrapper\"><div class=\"align-icon\" style=\"text-align:center;\">\n<div class=\"aio-icon circle\"  style=\"color:#FFFFFF;background:#00000000;font-size:20px;display:inline-block;\">\n\t<i class=\"dt-icon-the7-misc-006-2\"><\/i>\n<\/div><\/div><\/div><\/div><div class=\"aio-icon-header\" ><h3 class=\"aio-icon-title ult-responsive\"  data-ultimate-target='#Info-box-wrap-9881 .aio-icon-title'  data-responsive-json-new='{\"font-size\":\"\",\"line-height\":\"\"}'  style=\"\">Conference room rental<\/h3><\/div> <!-- header --><\/div> <!-- aio-icon-box --><\/a><\/div> <!-- aio-icon-component --><\/div><\/div><\/div><div class=\"wpb_column vc_column_container vc_col-sm-3\"><div class=\"vc_column-inner\"><div class=\"wpb_wrapper\"><div class=\"aio-icon-component   accent-icon-bg style_2\"><a class=\"aio-icon-box-link\" href=\"http:\/\/construct-ambientexpo.ro\/wp-content\/uploads\/2025\/01\/serv\/en\/S4-Loading.pdf\" target=\"_blank\" rel=\"noopener\" ><div id=\"Info-box-wrap-9998\" class=\"aio-icon-box top-icon\" style=\"\"  ><div class=\"aio-icon-top\"><div class=\"ult-just-icon-wrapper\"><div class=\"align-icon\" style=\"text-align:center;\">\n<div class=\"aio-icon circle\"  style=\"color:#FFFFFF;background:#00000000;font-size:20px;display:inline-block;\">\n\t<i class=\"dt-icon-the7-misc-006-2\"><\/i>\n<\/div><\/div><\/div><\/div><div class=\"aio-icon-header\" ><h3 class=\"aio-icon-title ult-responsive\"  data-ultimate-target='#Info-box-wrap-9998 .aio-icon-title'  data-responsive-json-new='{\"font-size\":\"\",\"line-height\":\"\"}'  style=\"\">Loading \/ Unloading \/ Handling<\/h3><\/div> <!-- header --><\/div> <!-- aio-icon-box --><\/a><\/div> <!-- aio-icon-component --><div class=\"aio-icon-component   accent-icon-bg style_2\"><a class=\"aio-icon-box-link\" href=\"http:\/\/construct-ambientexpo.ro\/wp-content\/uploads\/2025\/01\/serv\/en\/S5-Cleaning.pdf\" target=\"_blank\" rel=\"noopener\" ><div id=\"Info-box-wrap-9845\" class=\"aio-icon-box top-icon\" style=\"\"  ><div class=\"aio-icon-top\"><div class=\"ult-just-icon-wrapper\"><div class=\"align-icon\" style=\"text-align:center;\">\n<div class=\"aio-icon circle\"  style=\"color:#FFFFFF;background:#00000000;font-size:20px;display:inline-block;\">\n\t<i class=\"dt-icon-the7-misc-006-2\"><\/i>\n<\/div><\/div><\/div><\/div><div class=\"aio-icon-header\" ><h3 class=\"aio-icon-title ult-responsive\"  data-ultimate-target='#Info-box-wrap-9845 .aio-icon-title'  data-responsive-json-new='{\"font-size\":\"\",\"line-height\":\"\"}'  style=\"\">Rental stand cleaning services<\/h3><\/div> <!-- header --><\/div> <!-- aio-icon-box --><\/a><\/div> <!-- aio-icon-component --><div class=\"aio-icon-component   accent-icon-bg style_2\"><a class=\"aio-icon-box-link\" href=\"http:\/\/construct-ambientexpo.ro\/wp-content\/uploads\/2025\/01\/serv\/en\/S6-Electrical_Inst.pdf\" target=\"_blank\" rel=\"noopener\" ><div id=\"Info-box-wrap-5483\" class=\"aio-icon-box top-icon\" style=\"\"  ><div class=\"aio-icon-top\"><div class=\"ult-just-icon-wrapper\"><div class=\"align-icon\" style=\"text-align:center;\">\n<div class=\"aio-icon circle\"  style=\"color:#FFFFFF;background:#00000000;font-size:20px;display:inline-block;\">\n\t<i class=\"dt-icon-the7-misc-006-2\"><\/i>\n<\/div><\/div><\/div><\/div><div class=\"aio-icon-header\" ><h3 class=\"aio-icon-title ult-responsive\"  data-ultimate-target='#Info-box-wrap-5483 .aio-icon-title'  data-responsive-json-new='{\"font-size\":\"\",\"line-height\":\"\"}'  style=\"\">Electrical installations<\/h3><\/div> <!-- header --><\/div> <!-- aio-icon-box --><\/a><\/div> <!-- aio-icon-component --><div class=\"aio-icon-component   accent-icon-bg style_2\"><a class=\"aio-icon-box-link\" href=\"http:\/\/construct-ambientexpo.ro\/wp-content\/uploads\/2025\/01\/serv\/en\/S14-Graphics.pdf\" target=\"_blank\" rel=\"noopener\" ><div id=\"Info-box-wrap-3649\" class=\"aio-icon-box top-icon\" style=\"\"  ><div class=\"aio-icon-top\"><div class=\"ult-just-icon-wrapper\"><div class=\"align-icon\" style=\"text-align:center;\">\n<div class=\"aio-icon circle\"  style=\"color:#FFFFFF;background:#00000000;font-size:20px;display:inline-block;\">\n\t<i class=\"dt-icon-the7-misc-006-2\"><\/i>\n<\/div><\/div><\/div><\/div><div class=\"aio-icon-header\" ><h3 class=\"aio-icon-title ult-responsive\"  data-ultimate-target='#Info-box-wrap-3649 .aio-icon-title'  data-responsive-json-new='{\"font-size\":\"\",\"line-height\":\"\"}'  style=\"\">Graphic services rental<\/h3><\/div> <!-- header --><\/div> <!-- aio-icon-box --><\/a><\/div> <!-- aio-icon-component --><\/div><\/div><\/div><div class=\"wpb_column vc_column_container vc_col-sm-3\"><div class=\"vc_column-inner\"><div class=\"wpb_wrapper\"><div class=\"aio-icon-component   accent-icon-bg style_2\"><a class=\"aio-icon-box-link\" href=\"http:\/\/construct-ambientexpo.ro\/wp-content\/uploads\/2025\/01\/serv\/en\/S7-Sanitary_Inst.pdf\" target=\"_blank\" rel=\"noopener\" ><div id=\"Info-box-wrap-3567\" class=\"aio-icon-box top-icon\" style=\"\"  ><div class=\"aio-icon-top\"><div class=\"ult-just-icon-wrapper\"><div class=\"align-icon\" style=\"text-align:center;\">\n<div class=\"aio-icon circle\"  style=\"color:#FFFFFF;background:#00000000;font-size:20px;display:inline-block;\">\n\t<i class=\"dt-icon-the7-misc-006-2\"><\/i>\n<\/div><\/div><\/div><\/div><div class=\"aio-icon-header\" ><h3 class=\"aio-icon-title ult-responsive\"  data-ultimate-target='#Info-box-wrap-3567 .aio-icon-title'  data-responsive-json-new='{\"font-size\":\"\",\"line-height\":\"\"}'  style=\"\">Plumbing rental<\/h3><\/div> <!-- header --><\/div> <!-- aio-icon-box --><\/a><\/div> <!-- aio-icon-component --><div class=\"aio-icon-component   accent-icon-bg style_2\"><a class=\"aio-icon-box-link\" href=\"http:\/\/construct-ambientexpo.ro\/wp-content\/uploads\/2025\/01\/serv\/en\/S8-Air-Compressed.pdf\" target=\"_blank\" rel=\"noopener\" ><div id=\"Info-box-wrap-8426\" class=\"aio-icon-box top-icon\" style=\"\"  ><div class=\"aio-icon-top\"><div class=\"ult-just-icon-wrapper\"><div class=\"align-icon\" style=\"text-align:center;\">\n<div class=\"aio-icon circle\"  style=\"color:#FFFFFF;background:#00000000;font-size:20px;display:inline-block;\">\n\t<i class=\"dt-icon-the7-misc-006-2\"><\/i>\n<\/div><\/div><\/div><\/div><div class=\"aio-icon-header\" ><h3 class=\"aio-icon-title ult-responsive\"  data-ultimate-target='#Info-box-wrap-8426 .aio-icon-title'  data-responsive-json-new='{\"font-size\":\"\",\"line-height\":\"\"}'  style=\"\">Compressed air rental<\/h3><\/div> <!-- header --><\/div> <!-- aio-icon-box --><\/a><\/div> <!-- aio-icon-component --><div class=\"aio-icon-component   accent-icon-bg style_2\"><a class=\"aio-icon-box-link\" href=\"http:\/\/construct-ambientexpo.ro\/wp-content\/uploads\/2025\/01\/serv\/en\/S9-Telecommunication.pdf\" target=\"_blank\" rel=\"noopener\" ><div id=\"Info-box-wrap-8453\" class=\"aio-icon-box top-icon\" style=\"\"  ><div class=\"aio-icon-top\"><div class=\"ult-just-icon-wrapper\"><div class=\"align-icon\" style=\"text-align:center;\">\n<div class=\"aio-icon circle\"  style=\"color:#FFFFFF;background:#00000000;font-size:20px;display:inline-block;\">\n\t<i class=\"dt-icon-the7-misc-006-2\"><\/i>\n<\/div><\/div><\/div><\/div><div class=\"aio-icon-header\" ><h3 class=\"aio-icon-title ult-responsive\"  data-ultimate-target='#Info-box-wrap-8453 .aio-icon-title'  data-responsive-json-new='{\"font-size\":\"\",\"line-height\":\"\"}'  style=\"\">Rental of data and internet services<\/h3><\/div> <!-- header --><\/div> <!-- aio-icon-box --><\/a><\/div> <!-- aio-icon-component --><div class=\"aio-icon-component   accent-icon-bg style_2\"><a class=\"aio-icon-box-link\" href=\"http:\/\/construct-ambientexpo.ro\/wp-content\/uploads\/2025\/01\/serv\/en\/S15-HangingStructures.pdf\" target=\"_blank\" rel=\"noopener\" ><div id=\"Info-box-wrap-4134\" class=\"aio-icon-box top-icon\" style=\"\"  ><div class=\"aio-icon-top\"><div class=\"ult-just-icon-wrapper\"><div class=\"align-icon\" style=\"text-align:center;\">\n<div class=\"aio-icon circle\"  style=\"color:#FFFFFF;background:#00000000;font-size:20px;display:inline-block;\">\n\t<i class=\"dt-icon-the7-misc-006-2\"><\/i>\n<\/div><\/div><\/div><\/div><div class=\"aio-icon-header\" ><h3 class=\"aio-icon-title ult-responsive\"  data-ultimate-target='#Info-box-wrap-4134 .aio-icon-title'  data-responsive-json-new='{\"font-size\":\"\",\"line-height\":\"\"}'  style=\"\">Fixing structures at height in B Hall's<\/h3><\/div> <!-- header --><\/div> <!-- aio-icon-box --><\/a><\/div> <!-- aio-icon-component --><\/div><\/div><\/div><div class=\"wpb_column vc_column_container vc_col-sm-3\"><div class=\"vc_column-inner\"><div class=\"wpb_wrapper\"><div class=\"aio-icon-component   accent-icon-bg style_2\"><a class=\"aio-icon-box-link\" href=\"http:\/\/construct-ambientexpo.ro\/wp-content\/uploads\/2025\/01\/serv\/en\/S10-Sampling.pdf\" target=\"_blank\" rel=\"noopener\" ><div id=\"Info-box-wrap-6075\" class=\"aio-icon-box top-icon\" style=\"\"  ><div class=\"aio-icon-top\"><div class=\"ult-just-icon-wrapper\"><div class=\"align-icon\" style=\"text-align:center;\">\n<div class=\"aio-icon circle\"  style=\"color:#FFFFFF;background:#00000000;font-size:20px;display:inline-block;\">\n\t<i class=\"dt-icon-the7-misc-006-2\"><\/i>\n<\/div><\/div><\/div><\/div><div class=\"aio-icon-header\" ><h3 class=\"aio-icon-title ult-responsive\"  data-ultimate-target='#Info-box-wrap-6075 .aio-icon-title'  data-responsive-json-new='{\"font-size\":\"\",\"line-height\":\"\"}'  style=\"\">Distribution of promotional materials<\/h3><\/div> <!-- header --><\/div> <!-- aio-icon-box --><\/a><\/div> <!-- aio-icon-component --><div class=\"aio-icon-component   accent-icon-bg style_2\"><a class=\"aio-icon-box-link\" href=\"http:\/\/construct-ambientexpo.ro\/wp-content\/uploads\/2025\/01\/serv\/en\/S11-Security.pdf\" target=\"_blank\" rel=\"noopener\" ><div id=\"Info-box-wrap-9223\" class=\"aio-icon-box top-icon\" style=\"\"  ><div class=\"aio-icon-top\"><div class=\"ult-just-icon-wrapper\"><div class=\"align-icon\" style=\"text-align:center;\">\n<div class=\"aio-icon circle\"  style=\"color:#FFFFFF;background:#00000000;font-size:20px;display:inline-block;\">\n\t<i class=\"dt-icon-the7-misc-006-2\"><\/i>\n<\/div><\/div><\/div><\/div><div class=\"aio-icon-header\" ><h3 class=\"aio-icon-title ult-responsive\"  data-ultimate-target='#Info-box-wrap-9223 .aio-icon-title'  data-responsive-json-new='{\"font-size\":\"\",\"line-height\":\"\"}'  style=\"\">Stand security services rental<\/h3><\/div> <!-- header --><\/div> <!-- aio-icon-box --><\/a><\/div> <!-- aio-icon-component --><div class=\"aio-icon-component   accent-icon-bg style_2\"><a class=\"aio-icon-box-link\" href=\"http:\/\/construct-ambientexpo.ro\/wp-content\/uploads\/2025\/01\/serv\/en\/S12-Events.pdf\" target=\"_blank\" rel=\"noopener\" ><div id=\"Info-box-wrap-1901\" class=\"aio-icon-box top-icon\" style=\"\"  ><div class=\"aio-icon-top\"><div class=\"ult-just-icon-wrapper\"><div class=\"align-icon\" style=\"text-align:center;\">\n<div class=\"aio-icon circle\"  style=\"color:#FFFFFF;background:#00000000;font-size:20px;display:inline-block;\">\n\t<i class=\"dt-icon-the7-misc-006-2\"><\/i>\n<\/div><\/div><\/div><\/div><div class=\"aio-icon-header\" ><h3 class=\"aio-icon-title ult-responsive\"  data-ultimate-target='#Info-box-wrap-1901 .aio-icon-title'  data-responsive-json-new='{\"font-size\":\"\",\"line-height\":\"\"}'  style=\"\">Hiring services for organizing an event at a stand<\/h3><\/div> <!-- header --><\/div> <!-- aio-icon-box --><\/a><\/div> <!-- aio-icon-component --><\/div><\/div><\/div><\/div>\n<\/div>","protected":false},"excerpt":{"rendered":"<p>1. Completeaz\u0103 formularele de \u00eenscriere Adeziune Contract Co-expozan\u021bi Construc\u021bie stand Amenajare Proprie \/ cu Ter\u021bi Tematica expozi\u021biei Protec\u021bie Date 2. Completeaz\u0103 formularul potrivit nevoilor tale \u00cenchiriere mobilier Reclam\u0103 Indoor \/ Outdoor Parking-uri \u00cenchiriere s\u0103li de conferin\u0163e \u00cenc\u0103rcare \/ Desc\u0103rcare \/ Manipulare \u00cenchiriere servicii cur\u0103\u0163enie stand Instala\u0163ii electrice \u00cenchiriere servicii grafic\u0103 \u00cenchiriere instala\u0163ii sanitare \u00cenchiriere aer&hellip;<\/p>","protected":false},"author":1,"featured_media":0,"parent":0,"menu_order":0,"comment_status":"closed","ping_status":"closed","template":"","meta":{"om_disable_all_campaigns":false,"_monsterinsights_skip_tracking":false,"_monsterinsights_sitenote_active":false,"_monsterinsights_sitenote_note":"","_monsterinsights_sitenote_category":0,"footnotes":""},"class_list":["post-1443","page","type-page","status-publish","hentry","description-off"],"aioseo_notices":[],"jetpack_sharing_enabled":true,"_links":{"self":[{"href":"https:\/\/construct-ambientexpo.ro\/en\/wp-json\/wp\/v2\/pages\/1443","targetHints":{"allow":["GET"]}}],"collection":[{"href":"https:\/\/construct-ambientexpo.ro\/en\/wp-json\/wp\/v2\/pages"}],"about":[{"href":"https:\/\/construct-ambientexpo.ro\/en\/wp-json\/wp\/v2\/types\/page"}],"author":[{"embeddable":true,"href":"https:\/\/construct-ambientexpo.ro\/en\/wp-json\/wp\/v2\/users\/1"}],"replies":[{"embeddable":true,"href":"https:\/\/construct-ambientexpo.ro\/en\/wp-json\/wp\/v2\/comments?post=1443"}],"version-history":[{"count":11,"href":"https:\/\/construct-ambientexpo.ro\/en\/wp-json\/wp\/v2\/pages\/1443\/revisions"}],"predecessor-version":[{"id":1529,"href":"https:\/\/construct-ambientexpo.ro\/en\/wp-json\/wp\/v2\/pages\/1443\/revisions\/1529"}],"wp:attachment":[{"href":"https:\/\/construct-ambientexpo.ro\/en\/wp-json\/wp\/v2\/media?parent=1443"}],"curies":[{"name":"wp","href":"https:\/\/api.w.org\/{rel}","templated":true}]}}